{"id":64,"date":"2023-08-09T09:48:04","date_gmt":"2023-08-09T07:48:04","guid":{"rendered":"https:\/\/ktgrafika.pl\/?page_id=64"},"modified":"2023-08-29T21:16:02","modified_gmt":"2023-08-29T19:16:02","slug":"o-mnie","status":"publish","type":"page","link":"https:\/\/ktgrafika.pl\/index.php\/o-mnie\/","title":{"rendered":""},"content":{"rendered":"\n<h2 class=\"wp-block-heading has-text-align-center\">O mnie<\/h2>\n\n\n\n<div class=\"wp-block-media-text alignwide is-stacked-on-mobile\" style=\"grid-template-columns:34% auto\"><figure class=\"wp-block-media-text__media\"><img loading=\"lazy\" decoding=\"async\" width=\"1024\" height=\"1024\" src=\"https:\/\/ktgrafika.pl\/wp-content\/uploads\/2023\/08\/KT2-1024x1024.jpg\" alt=\"\" class=\"wp-image-128 size-full\" srcset=\"https:\/\/ktgrafika.pl\/wp-content\/uploads\/2023\/08\/KT2-1024x1024.jpg 1024w, https:\/\/ktgrafika.pl\/wp-content\/uploads\/2023\/08\/KT2-300x300.jpg 300w, https:\/\/ktgrafika.pl\/wp-content\/uploads\/2023\/08\/KT2-150x150.jpg 150w, https:\/\/ktgrafika.pl\/wp-content\/uploads\/2023\/08\/KT2-768x768.jpg 768w, https:\/\/ktgrafika.pl\/wp-content\/uploads\/2023\/08\/KT2-1536x1536.jpg 1536w, https:\/\/ktgrafika.pl\/wp-content\/uploads\/2023\/08\/KT2-2048x2048.jpg 2048w\" sizes=\"auto, (max-width: 1024px) 100vw, 1024px\" \/><\/figure><div class=\"wp-block-media-text__content\">\n<p class=\"has-foreground-color has-text-color\">Nazywam si\u0119 Kamil Tomasiewicz. Jestem absolwentem Wy\u017cszej Szko\u0142y Technologii Informatycznych w Warszawie. Studiowa\u0142em na Wydziale Informatyki, ze specjalizacj\u0105 grafika komputerowa. Grafika jest dla mnie nie tylko wyuczonym zawodem, ale tak\u017ce ogromn\u0105 pasj\u0105, kt\u00f3r\u0105 staram si\u0119 ci\u0105gle rozwija\u0107.<br>Moim ulubionym dzia\u0142em jest grafika 3D oraz efekty i animacje w After Effects.<br>Karier\u0119 grafika komputerowego i motion designera rozpocz\u0105\u0142em w 2012 r. Od tego czasu tworzy\u0142em grafiki w bran\u017cy medialnej, gamingowej i reklamowej. Wsp\u00f3\u0142pracowa\u0142em mi\u0119dzy innymi z TVN24, WP, Onet, Huuuge, Wedel, Phiture, Studio PRL.<br>Pos\u0142uguj\u0119 si\u0119 takimi programami jak: After Effect, Photoshop, Figma, Premiere Pro, Viz Artist, CorelDRAW, 3ds max, InDesign, Illustrator.<\/p>\n<\/div><\/div>\n","protected":false},"excerpt":{"rendered":"<p>O mnie Nazywam si\u0119 Kamil Tomasiewicz. Jestem absolwentem Wy\u017cszej Szko\u0142y Technologii Informatycznych w Warszawie. Studiowa\u0142em na Wydziale Informatyki, ze specjalizacj\u0105 grafika komputerowa. Grafika jest dla mnie nie tylko wyuczonym zawodem, ale tak\u017ce ogromn\u0105 pasj\u0105, kt\u00f3r\u0105 staram si\u0119 ci\u0105gle rozwija\u0107.Moim ulubionym dzia\u0142em jest grafika 3D oraz efekty i animacje w After Effects.Karier\u0119 grafika komputerowego i motion [&hellip;]<\/p>\n","protected":false},"author":1,"featured_media":0,"parent":0,"menu_order":0,"comment_status":"closed","ping_status":"closed","template":"","meta":{"footnotes":""},"class_list":["post-64","page","type-page","status-publish","hentry"],"_links":{"self":[{"href":"https:\/\/ktgrafika.pl\/index.php\/wp-json\/wp\/v2\/pages\/64","targetHints":{"allow":["GET"]}}],"collection":[{"href":"https:\/\/ktgrafika.pl\/index.php\/wp-json\/wp\/v2\/pages"}],"about":[{"href":"https:\/\/ktgrafika.pl\/index.php\/wp-json\/wp\/v2\/types\/page"}],"author":[{"embeddable":true,"href":"https:\/\/ktgrafika.pl\/index.php\/wp-json\/wp\/v2\/users\/1"}],"replies":[{"embeddable":true,"href":"https:\/\/ktgrafika.pl\/index.php\/wp-json\/wp\/v2\/comments?post=64"}],"version-history":[{"count":4,"href":"https:\/\/ktgrafika.pl\/index.php\/wp-json\/wp\/v2\/pages\/64\/revisions"}],"predecessor-version":[{"id":130,"href":"https:\/\/ktgrafika.pl\/index.php\/wp-json\/wp\/v2\/pages\/64\/revisions\/130"}],"wp:attachment":[{"href":"https:\/\/ktgrafika.pl\/index.php\/wp-json\/wp\/v2\/media?parent=64"}],"curies":[{"name":"wp","href":"https:\/\/api.w.org\/{rel}","templated":true}]}}