{"id":7,"date":"2023-08-01T21:16:05","date_gmt":"2023-08-01T19:16:05","guid":{"rendered":"https:\/\/ktgrafika.pl\/?page_id=7"},"modified":"2023-08-29T21:22:04","modified_gmt":"2023-08-29T19:22:04","slug":"showreel","status":"publish","type":"page","link":"https:\/\/ktgrafika.pl\/index.php\/showreel\/","title":{"rendered":""},"content":{"rendered":"\n<h2 class=\"wp-block-heading\">Projekty\/Showreel<\/h2>\n\n\n\n<h6 class=\"wp-block-heading\">Poni\u017cej przestawiam video z\u0142o\u017cone moich z niekt\u00f3rych prac:<\/h6>\n\n\n\n<figure class=\"wp-block-video\" style=\"margin-top:var(--wp--preset--spacing--30);margin-right:0;margin-bottom:0;margin-left:0;padding-top:0;padding-right:0;padding-bottom:0;padding-left:0\"><video autoplay controls loop poster=\"http:\/\/ktgrafika.pl\/wp-content\/uploads\/2023\/08\/Showreel-0-01-00-04.png\" src=\"https:\/\/ktgrafika.pl\/wp-content\/uploads\/2023\/08\/Showreel2.mp4\"><\/video><\/figure>\n","protected":false},"excerpt":{"rendered":"<p>Projekty\/Showreel Poni\u017cej przestawiam video z\u0142o\u017cone moich z niekt\u00f3rych prac:<\/p>\n","protected":false},"author":1,"featured_media":0,"parent":0,"menu_order":0,"comment_status":"closed","ping_status":"closed","template":"","meta":{"footnotes":""},"class_list":["post-7","page","type-page","status-publish","hentry"],"_links":{"self":[{"href":"https:\/\/ktgrafika.pl\/index.php\/wp-json\/wp\/v2\/pages\/7","targetHints":{"allow":["GET"]}}],"collection":[{"href":"https:\/\/ktgrafika.pl\/index.php\/wp-json\/wp\/v2\/pages"}],"about":[{"href":"https:\/\/ktgrafika.pl\/index.php\/wp-json\/wp\/v2\/types\/page"}],"author":[{"embeddable":true,"href":"https:\/\/ktgrafika.pl\/index.php\/wp-json\/wp\/v2\/users\/1"}],"replies":[{"embeddable":true,"href":"https:\/\/ktgrafika.pl\/index.php\/wp-json\/wp\/v2\/comments?post=7"}],"version-history":[{"count":14,"href":"https:\/\/ktgrafika.pl\/index.php\/wp-json\/wp\/v2\/pages\/7\/revisions"}],"predecessor-version":[{"id":132,"href":"https:\/\/ktgrafika.pl\/index.php\/wp-json\/wp\/v2\/pages\/7\/revisions\/132"}],"wp:attachment":[{"href":"https:\/\/ktgrafika.pl\/index.php\/wp-json\/wp\/v2\/media?parent=7"}],"curies":[{"name":"wp","href":"https:\/\/api.w.org\/{rel}","templated":true}]}}